{"id":10142,"date":"2025-03-21T11:27:50","date_gmt":"2025-03-21T03:27:50","guid":{"rendered":"https:\/\/www.kingpdc.com\/?page_id=10142"},"modified":"2025-10-15T10:05:36","modified_gmt":"2025-10-15T02:05:36","slug":"succes","status":"publish","type":"page","link":"https:\/\/www.kingpdc.com\/fr\/succes\/","title":{"rendered":"Succ\u00e8s"},"content":{"rendered":"<section class=\"wp-block-themepark-block-themepark-area block_layout thempark-block PcOnly\" id=\"\" style=\"background-color:#ffffff;padding-bottom:43px;padding-top:55px;\" data-swiper-parallax=\"-700\"><div class=\"block_layout_in\" style=\"\">\n<div class=\"wp-block-column block_layout_in is-layout-flow wp-block-column-is-layout-flow\">\n<div style=\"height:0px\" aria-hidden=\"true\" class=\"wp-block-spacer\"><\/div>\n\n\n<div class=\"wp-block-image\">\n<figure class=\"aligncenter size-full\"><img loading=\"lazy\" decoding=\"async\" width=\"225\" height=\"225\" src=\"https:\/\/www.kingpdc.com\/wp-content\/uploads\/2025\/04\/success1.png\" alt=\"\" class=\"wp-image-10375\" srcset=\"https:\/\/www.kingpdc.com\/wp-content\/uploads\/2025\/04\/success1.png 225w, https:\/\/www.kingpdc.com\/wp-content\/uploads\/2025\/04\/success1-150x150.png 150w, https:\/\/www.kingpdc.com\/wp-content\/uploads\/2025\/04\/success1-12x12.png 12w\" sizes=\"auto, (max-width: 225px) 100vw, 225px\" \/><\/figure>\n<\/div>\n\n\n<div class=\"wp-block-themepark-block-themepark-wright content-super-p\" style=\"font-size:18px;line-height:24px;color:#9d9d9d;padding:32px 10px 21px 10px;\">\n<div class=\"wp-block-column is-layout-flow wp-block-column-is-layout-flow\">\n<p class=\"has-text-align-center has-text-color has-link-color wp-elements-9145767748735d65fc563ccb36640fa6\" style=\"color:#505050;font-size:34px\"><strong>Merci de votre attention !<\/strong><\/p>\n\n\n\n<div style=\"height:20px\" aria-hidden=\"true\" class=\"wp-block-spacer\"><\/div>\n\n\n\n<p class=\"has-text-align-center\">Votre demande a \u00e9t\u00e9 envoy\u00e9e.<\/p>\n<\/div>\n<\/div>\n\n\n\n<div style=\"height:1px\" aria-hidden=\"true\" class=\"wp-block-spacer\"><\/div>\n\n\n\n<div class=\"wp-block-themepark-block-btn themepark-i-btn-out\" style=\"text-align:center;padding-top:13px;\"><div class=\"themepark-i-btn-out_ins\" style=\"\"><div class=\"themepark-i-btn-out_in\"><div class=\"themepark-i-btn\" style=\"color:#626262;font-size:16px;border:solid 1px #b1b1b1;border-radius:10px;padding:8px 29px;\"><a href=\"https:\/\/www.kingpdc.com\/fr\/\" rel=\"noopener noreferrer \">Page d'accueil<\/a><a class=\"hovers\" data-title=\"Home Page\" style=\"color:#666666;background-color:#f1f1f1;padding:8px 29px;border-radius:10px;\" href=\"https:\/\/www.kingpdc.com\/fr\/\" rel=\"noopener noreferrer\" target=\"_self\"><\/a><\/div><\/div><\/div><\/div>\n<\/div>\n<\/div><div class=\"layout_badh\"><\/div><\/section>\n\n\n\n<section class=\"wp-block-themepark-block-themepark-area block_layout thempark-block PcOnly\" id=\"\" style=\"background-color:#ffffff;\" data-swiper-parallax=\"-700\"><div class=\"block_layout_in\" style=\"\">\n<div class=\"wp-block-column block_layout_in is-layout-flow wp-block-column-is-layout-flow\">\n<section class=\"wp-block-themepark-block-themepark-area block_layout thempark-block PcOnly\" id=\"maxw\" style=\"padding-bottom:45px;padding-top:99px;\" data-swiper-parallax=\"-700\"><div class=\"block_layout_in clomnsmal  clomnnone\" style=\"\">\n<div class=\"wp-block-column block_layout_in is-layout-flow wp-block-column-is-layout-flow\">\n<div class=\"wp-block-columns is-layout-flex wp-container-core-columns-is-layout-9d6595d7 wp-block-columns-is-layout-flex\">\n<div class=\"wp-block-column is-layout-flow wp-block-column-is-layout-flow\" style=\"flex-basis:63%\">\n<section class=\"wp-block-themepark-block-themepark-listul thempark-block list_ul_box_out  Effect1 undefined\" style=\"padding-bottom:8px;padding-top:20px;undefined\" swlist=\"3\" progresseffect=\"1\" autoplays=\"2\" line=\"1\" loops=\"yes\"><div class=\"swiper-container showslidebox_out  listpadings\"><div class=\"swiper-wrapper\"><div class=\"swiper-slide listul_box\" style=\"\"><a class=\"listul_box_img\" style=\"\"><div style=\"\" class=\"listulpic\"><img loading=\"lazy\" decoding=\"async\" class=\"swiper-lazy swiper-move-lazy lazyload\" data-src=\"https:\/\/www.kingpdc.com\/wp-content\/uploads\/2025\/02\/authentication-picture5-3.jpg\" src=\"https:\/\/www.kingpdc.com\/wp-content\/themes\/smartenterprise\/images\/loading3.png\" alt=\"\" width=\"720\" height=\"1018\"><\/div><\/a><\/div><div class=\"swiper-slide listul_box\" style=\"\"><a class=\"listul_box_img\" style=\"\"><div style=\"\" class=\"listulpic\"><img loading=\"lazy\" decoding=\"async\" class=\"swiper-lazy swiper-move-lazy lazyload\" data-src=\"https:\/\/www.kingpdc.com\/wp-content\/uploads\/2025\/02\/authentication2-picture1.jpg\" src=\"https:\/\/www.kingpdc.com\/wp-content\/themes\/smartenterprise\/images\/loading3.png\" alt=\"\" width=\"720\" height=\"1018\"><\/div><\/a><\/div><div class=\"swiper-slide listul_box\" style=\"\"><a class=\"listul_box_img\" style=\"\"><div style=\"\" class=\"listulpic\"><img loading=\"lazy\" decoding=\"async\" class=\"swiper-lazy swiper-move-lazy lazyload\" data-src=\"https:\/\/www.kingpdc.com\/wp-content\/uploads\/2025\/02\/authentication2-picture2.jpg\" src=\"https:\/\/www.kingpdc.com\/wp-content\/themes\/smartenterprise\/images\/loading3.png\" alt=\"\" width=\"720\" height=\"1018\"><\/div><\/a><\/div><div class=\"swiper-slide listul_box\" style=\"\"><a class=\"listul_box_img\" style=\"\"><div style=\"\" class=\"listulpic\"><img loading=\"lazy\" decoding=\"async\" class=\"swiper-lazy swiper-move-lazy lazyload\" data-src=\"https:\/\/www.kingpdc.com\/wp-content\/uploads\/2025\/02\/authentication2-picture3.jpg\" src=\"https:\/\/www.kingpdc.com\/wp-content\/themes\/smartenterprise\/images\/loading3.png\" alt=\"\" width=\"720\" height=\"1018\"><\/div><\/a><\/div><div class=\"swiper-slide listul_box\" style=\"\"><a class=\"listul_box_img\" style=\"\"><div style=\"\" class=\"listulpic\"><img loading=\"lazy\" decoding=\"async\" class=\"swiper-lazy swiper-move-lazy lazyload\" data-src=\"https:\/\/www.kingpdc.com\/wp-content\/uploads\/2025\/02\/authentication2-picture4.jpg\" src=\"https:\/\/www.kingpdc.com\/wp-content\/themes\/smartenterprise\/images\/loading3.png\" alt=\"\" width=\"720\" height=\"1018\"><\/div><\/a><\/div><div class=\"swiper-slide listul_box\" style=\"\"><a class=\"listul_box_img\" style=\"\"><div style=\"\" class=\"listulpic\"><img loading=\"lazy\" decoding=\"async\" class=\"swiper-lazy swiper-move-lazy lazyload\" data-src=\"https:\/\/www.kingpdc.com\/wp-content\/uploads\/2025\/01\/authentication2-picture5.jpg\" src=\"https:\/\/www.kingpdc.com\/wp-content\/themes\/smartenterprise\/images\/loading3.png\" alt=\"\" width=\"720\" height=\"1018\"><\/div><\/a><\/div><\/div><div class=\"pagination\"><\/div><span class=\"swiper-next\" style=\"\"><i class=\"fas fa-angle-right\"><\/i><\/span><span class=\"swiper-prev\" style=\"\"><i class=\"fas fa-angle-left\"><\/i><\/span><\/div><\/section>\n<\/div>\n\n\n\n<div class=\"wp-block-column is-layout-flow wp-block-column-is-layout-flow\" style=\"flex-basis:35%\">\n<div class=\"wp-block-columns is-layout-flex wp-container-core-columns-is-layout-9d6595d7 wp-block-columns-is-layout-flex\">\n<div class=\"wp-block-column is-layout-flow wp-block-column-is-layout-flow\" style=\"flex-basis:13%\"><\/div>\n\n\n\n<div class=\"wp-block-column is-layout-flow wp-block-column-is-layout-flow\" style=\"flex-basis:90%\">\n<div class=\"wp-block-themepark-block-themepark-wright content-super-p\" style=\"font-size:12px;line-height:23px;color:#666666;padding:10px 0px;\">\n<div class=\"wp-block-column is-layout-flow wp-block-column-is-layout-flow\">\n<p class=\"has-small-font-size\">Le certificat d'honneur de la soci\u00e9t\u00e9 d\u00e9montre la force de l'entreprise, am\u00e9liore l'image de marque, renforce la confiance des clients, contribue \u00e0 l'expansion du march\u00e9 et favorise les possibilit\u00e9s de coop\u00e9ration.<\/p>\n\n\n\n<div style=\"height:5px\" aria-hidden=\"true\" class=\"wp-block-spacer\"><\/div>\n\n\n\n<p class=\"has-text-color has-link-color has-small-font-size wp-elements-70c0794dfc9b39082a7468bdbdeb4ae6\" style=\"color:#5b5b5b\">Et consolider davantage la position concurrentielle de l'entreprise dans l'industrie, attirer davantage de talents et de ressources, et promouvoir le d\u00e9veloppement durable de l'entreprise.<\/p>\n\n\n\n<div style=\"height:28px\" aria-hidden=\"true\" class=\"wp-block-spacer\"><\/div>\n\n\n\n<section class=\"wp-block-themepark-block-themepark-imgtext thempark-block themepark_imgtext undefined\" style=\"padding-top:10px;\"><div class=\"themepark_imgtext_img\" style=\"width:10%;text-align:left;\" data-swiper-parallax=\"-1800\"><img class=\"lazyload  swiper-lazy swiper-move-lazy\" style=\"\" data-src=\"https:\/\/www.kingpdc.com\/wp-content\/uploads\/2025\/01\/certificate-product-icon1.png\" alt=\"\"\/><\/div><div class=\"themepark_imgtext_text\" style=\"width:87%;\" data-swiper-parallax=\"-1600\">\n<div class=\"wp-block-column is-layout-flow wp-block-column-is-layout-flow\">\n<p style=\"font-size:13px;font-style:normal;font-weight:700\"><strong>Renforcement de la cr\u00e9dibilit\u00e9<\/strong><\/p>\n\n\n\n<p class=\"has-small-font-size\">Les certificats d'entreprise refl\u00e8tent directement la cr\u00e9dibilit\u00e9 de l'entreprise et renforcent consid\u00e9rablement la confiance des clients et des partenaires.<\/p>\n<\/div>\n<\/div><div class=\"themepark_imgtext_ba\" style=\"opacity:1;\"><\/div><\/section>\n\n\n\n<div style=\"height:10px\" aria-hidden=\"true\" class=\"wp-block-spacer\"><\/div>\n\n\n\n<section class=\"wp-block-themepark-block-themepark-imgtext thempark-block themepark_imgtext undefined\" style=\"padding-top:10px;\"><div class=\"themepark_imgtext_img\" style=\"width:10%;text-align:left;\" data-swiper-parallax=\"-1800\"><img class=\"lazyload  swiper-lazy swiper-move-lazy\" style=\"\" data-src=\"https:\/\/www.kingpdc.com\/wp-content\/uploads\/2025\/01\/certificate-product-icon1.png\" alt=\"\"\/><\/div><div class=\"themepark_imgtext_text\" style=\"width:87%;\" data-swiper-parallax=\"-1600\">\n<div class=\"wp-block-column is-layout-flow wp-block-column-is-layout-flow\">\n<p style=\"font-size:13px;font-style:normal;font-weight:700\"><strong>Expansion du march\u00e9<\/strong><\/p>\n\n\n\n<p class=\"has-small-font-size\">Attirer davantage de clients et de partenaires potentiels, et offrir plus d'opportunit\u00e9s commerciales aux entreprises.<\/p>\n<\/div>\n<\/div><div class=\"themepark_imgtext_ba\" style=\"opacity:1;\"><\/div><\/section>\n<\/div>\n<\/div>\n<\/div>\n<\/div>\n<\/div>\n<\/div>\n<\/div>\n<\/div><div class=\"layout_badh\"><div class=\"PcOnly themepark-block_layout_ba lazyload swiper-lazy\" style=\"background-repeat:no-repeat;background-size:cover;background-position:center;\" data-background=\"https:\/\/www.kingpdc.com\/wp-content\/uploads\/2025\/02\/triangle-product2-pic2-2.png\"><\/div><\/div><\/section>\n<\/div>\n<\/div><div class=\"layout_badh\"><\/div><\/section>\n\n\n\n<section class=\"wp-block-themepark-block-themepark-area block_layout thempark-block MovePnly\" id=\"\" style=\"background-color:#ffffff;padding-bottom:35px;padding-top:16px;\" data-swiper-parallax=\"-700\"><div class=\"block_layout_in\" style=\"\">\n<div class=\"wp-block-column block_layout_in is-layout-flow wp-block-column-is-layout-flow\">\n<div style=\"height:0px\" aria-hidden=\"true\" class=\"wp-block-spacer\"><\/div>\n\n\n<div class=\"wp-block-image\">\n<figure class=\"aligncenter size-full\"><img loading=\"lazy\" decoding=\"async\" width=\"225\" height=\"225\" src=\"https:\/\/www.kingpdc.com\/wp-content\/uploads\/2025\/04\/success1.png\" alt=\"succ\u00e8s1\" class=\"wp-image-10375\" srcset=\"https:\/\/www.kingpdc.com\/wp-content\/uploads\/2025\/04\/success1.png 225w, https:\/\/www.kingpdc.com\/wp-content\/uploads\/2025\/04\/success1-150x150.png 150w, https:\/\/www.kingpdc.com\/wp-content\/uploads\/2025\/04\/success1-12x12.png 12w\" sizes=\"auto, (max-width: 225px) 100vw, 225px\" \/><\/figure>\n<\/div>\n\n\n<div class=\"wp-block-themepark-block-themepark-wright content-super-p\" style=\"font-size:18px;line-height:24px;color:#9d9d9d;padding:32px 10px 21px 10px;\">\n<div class=\"wp-block-column is-layout-flow wp-block-column-is-layout-flow\">\n<p class=\"has-text-align-center has-text-color has-link-color wp-elements-c594bc68e0aef9859617271485126802\" style=\"color:#505050;font-size:24px\"><strong>Merci de votre attention !<\/strong><\/p>\n\n\n\n<div style=\"height:10px\" aria-hidden=\"true\" class=\"wp-block-spacer\"><\/div>\n\n\n\n<p class=\"has-text-align-center\" style=\"font-size:15px\">Votre demande a \u00e9t\u00e9 envoy\u00e9e.<\/p>\n<\/div>\n<\/div>\n\n\n\n<div style=\"height:1px\" aria-hidden=\"true\" class=\"wp-block-spacer\"><\/div>\n\n\n\n<div class=\"wp-block-themepark-block-btn themepark-i-btn-out\" style=\"text-align:center;\"><div class=\"themepark-i-btn-out_ins\" style=\"\"><div class=\"themepark-i-btn-out_in\"><div class=\"themepark-i-btn\" style=\"color:#626262;font-size:14px;border:solid 1px #b1b1b1;border-radius:10px;padding:8px 29px;\"><a href=\"https:\/\/www.kingpdc.com\/fr\/\" rel=\"noopener noreferrer \">Page d'accueil<\/a><a class=\"hovers\" data-title=\"Home Page\" style=\"color:#666666;background-color:#f1f1f1;padding:8px 29px;border-radius:10px;\" href=\"https:\/\/www.kingpdc.com\/fr\/\" rel=\"noopener noreferrer\" target=\"_self\"><\/a><\/div><\/div><\/div><\/div>\n<\/div>\n<\/div><div class=\"layout_badh\"><\/div><\/section>\n\n\n\n<section class=\"wp-block-themepark-block-themepark-area block_layout thempark-block MovePnly\" id=\"\" style=\"background-color:#ffffff;\" data-swiper-parallax=\"-700\"><div class=\"block_layout_in\" style=\"\">\n<div class=\"wp-block-column block_layout_in is-layout-flow wp-block-column-is-layout-flow\">\n<div class=\"wp-block-themepark-block-themepark-wright content-super-p\" style=\"font-size:12px;line-height:38px;padding:40px 0px;\">\n<div class=\"wp-block-column is-layout-flow wp-block-column-is-layout-flow\">\n<h2 class=\"wp-block-heading has-text-align-center has-text-color has-link-color wp-elements-7b8f9d3405e6e90d4f6078e29bfbe526\" style=\"color:#1f1f1f;font-size:18px;text-transform:uppercase\">Notre certificat<\/h2>\n<\/div>\n<\/div>\n\n\n\n<div class=\"wp-block-columns is-layout-flex wp-container-core-columns-is-layout-9d6595d7 wp-block-columns-is-layout-flex\">\n<div class=\"wp-block-column is-layout-flow wp-block-column-is-layout-flow\" style=\"flex-basis:90%\">\n<div class=\"wp-block-themepark-block-themepark-wright content-super-p\" style=\"font-size:12px;line-height:25px;padding:1px 8px;\">\n<div class=\"wp-block-column is-layout-flow wp-block-column-is-layout-flow\" style=\"flex-basis:90%\">\n<div class=\"wp-block-themepark-block-themepark-wright content-super-p\" style=\"font-size:12px;line-height:22px;padding:10px 0px;\">\n<div class=\"wp-block-column is-layout-flow wp-block-column-is-layout-flow\">\n<p class=\"has-text-color has-link-color wp-elements-a7d8a4b223627f523e0603f1acadf798\" style=\"color:#5b5b5b;font-size:13px\">Le certificat d'honneur de l'entreprise souligne la force de l'entreprise, am\u00e9liore l'image de marque, renforce la confiance des clients, contribue \u00e0 l'expansion du march\u00e9 et favorise les possibilit\u00e9s de coop\u00e9ration.<\/p>\n\n\n\n<div style=\"height:20px\" aria-hidden=\"true\" class=\"wp-block-spacer\"><\/div>\n\n\n\n<section class=\"wp-block-themepark-block-themepark-imgtext thempark-block themepark_imgtext undefined\" style=\"padding-top:10px;\"><div class=\"themepark_imgtext_img\" style=\"width:10%;text-align:left;\" data-swiper-parallax=\"-1800\"><img class=\"lazyload  swiper-lazy swiper-move-lazy\" style=\"\" data-src=\"https:\/\/www.kingpdc.com\/wp-content\/uploads\/2025\/01\/certificate-product-icon1-m.png\" alt=\"\"\/><\/div><div class=\"themepark_imgtext_text\" style=\"width:87%;\" data-swiper-parallax=\"-1600\">\n<div class=\"wp-block-column is-layout-flow wp-block-column-is-layout-flow\">\n<p style=\"font-size:13px;font-style:normal;font-weight:700\"><strong>Renforcement de la cr\u00e9dibilit\u00e9<\/strong><\/p>\n\n\n\n<p class=\"has-text-color has-link-color wp-elements-6bc3f6294bff7531e1beb0b59cfc7dc4\" style=\"color:#5b5b5b;font-size:13px\">Les certificats d'entreprise refl\u00e8tent directement la cr\u00e9dibilit\u00e9 de l'entreprise et renforcent consid\u00e9rablement la confiance des clients et des partenaires.<\/p>\n<\/div>\n<\/div><div class=\"themepark_imgtext_ba\" style=\"opacity:1;\"><\/div><\/section>\n\n\n\n<div style=\"height:6px\" aria-hidden=\"true\" class=\"wp-block-spacer\"><\/div>\n\n\n\n<section class=\"wp-block-themepark-block-themepark-imgtext thempark-block themepark_imgtext undefined\" style=\"padding-top:10px;\"><div class=\"themepark_imgtext_img\" style=\"width:10%;text-align:left;\" data-swiper-parallax=\"-1800\"><img class=\"lazyload  swiper-lazy swiper-move-lazy\" style=\"\" data-src=\"https:\/\/www.kingpdc.com\/wp-content\/uploads\/2025\/01\/certificate-product-icon1-m.png\" alt=\"\"\/><\/div><div class=\"themepark_imgtext_text\" style=\"width:87%;\" data-swiper-parallax=\"-1600\">\n<div class=\"wp-block-column is-layout-flow wp-block-column-is-layout-flow\">\n<p style=\"font-size:13px;font-style:normal;font-weight:700\"><strong>Expansion du march\u00e9<\/strong><\/p>\n\n\n\n<p class=\"has-text-color has-link-color wp-elements-79fee606ab227feeb64c4688dda2268d\" style=\"color:#5b5b5b;font-size:13px\">Attirer davantage de clients et de partenaires potentiels, et offrir plus d'opportunit\u00e9s commerciales aux entreprises.<\/p>\n<\/div>\n<\/div><div class=\"themepark_imgtext_ba\" style=\"opacity:1;\"><\/div><\/section>\n<\/div>\n<\/div>\n<\/div>\n<\/div>\n<\/div>\n\n\n\n<div class=\"wp-block-column is-layout-flow wp-block-column-is-layout-flow\" style=\"flex-basis:65%\">\n<section class=\"wp-block-themepark-block-themepark-listul thempark-block list_ul_box_out  Effect1 undefined\" style=\"padding-bottom:8px;padding-top:9px;undefined\" swlist=\"3\" progresseffect=\"1\" autoplays=\"2\" line=\"1\" loops=\"yes\"><div class=\"swiper-container showslidebox_out  listpadings\"><div class=\"swiper-wrapper\"><div class=\"swiper-slide listul_box\" style=\"\"><a class=\"listul_box_img\" style=\"\"><div style=\"\" class=\"listulpic\"><img loading=\"lazy\" decoding=\"async\" class=\"swiper-lazy swiper-move-lazy lazyload\" data-src=\"https:\/\/www.kingpdc.com\/wp-content\/uploads\/2025\/02\/certificate-home-m2-pic.jpg\" src=\"https:\/\/www.kingpdc.com\/wp-content\/themes\/smartenterprise\/images\/loading3.png\" alt=\"\" width=\"212\" height=\"300\"><\/div><\/a><\/div><div class=\"swiper-slide listul_box\" style=\"\"><a class=\"listul_box_img\" style=\"\"><div style=\"\" class=\"listulpic\"><img loading=\"lazy\" decoding=\"async\" class=\"swiper-lazy swiper-move-lazy lazyload\" data-src=\"https:\/\/www.kingpdc.com\/wp-content\/uploads\/2025\/01\/certificate-home-m-pic5.png\" src=\"https:\/\/www.kingpdc.com\/wp-content\/themes\/smartenterprise\/images\/loading3.png\" alt=\"\" width=\"212\" height=\"300\"><\/div><\/a><\/div><div class=\"swiper-slide listul_box\" style=\"\"><a class=\"listul_box_img\" style=\"\"><div style=\"\" class=\"listulpic\"><img loading=\"lazy\" decoding=\"async\" class=\"swiper-lazy swiper-move-lazy lazyload\" data-src=\"https:\/\/www.kingpdc.com\/wp-content\/uploads\/2025\/01\/certificate-home-m-pic4.png\" src=\"https:\/\/www.kingpdc.com\/wp-content\/themes\/smartenterprise\/images\/loading3.png\" alt=\"\" width=\"212\" height=\"300\"><\/div><\/a><\/div><div class=\"swiper-slide listul_box\" style=\"\"><a class=\"listul_box_img\" style=\"\"><div style=\"\" class=\"listulpic\"><img loading=\"lazy\" decoding=\"async\" class=\"swiper-lazy swiper-move-lazy lazyload\" data-src=\"https:\/\/www.kingpdc.com\/wp-content\/uploads\/2025\/01\/certificate-home-m-pic3.png\" src=\"https:\/\/www.kingpdc.com\/wp-content\/themes\/smartenterprise\/images\/loading3.png\" alt=\"\" width=\"212\" height=\"300\"><\/div><\/a><\/div><div class=\"swiper-slide listul_box\" style=\"\"><a class=\"listul_box_img\" style=\"\"><div style=\"\" class=\"listulpic\"><img loading=\"lazy\" decoding=\"async\" class=\"swiper-lazy swiper-move-lazy lazyload\" data-src=\"https:\/\/www.kingpdc.com\/wp-content\/uploads\/2025\/01\/certificate-home-m-pic3.jpg\" src=\"https:\/\/www.kingpdc.com\/wp-content\/themes\/smartenterprise\/images\/loading3.png\" alt=\"\" width=\"212\" height=\"300\"><\/div><\/a><\/div><\/div><div class=\"pagination\"><\/div><span class=\"swiper-next\" style=\"\"><i class=\"fas fa-angle-right\"><\/i><\/span><span class=\"swiper-prev\" style=\"\"><i class=\"fas fa-angle-left\"><\/i><\/span><\/div><\/section>\n<\/div>\n<\/div>\n<\/div>\n<\/div><div class=\"layout_badh\"><\/div><\/section>","protected":false},"excerpt":{"rendered":"","protected":false},"author":1,"featured_media":0,"parent":0,"menu_order":0,"comment_status":"closed","ping_status":"closed","template":"","meta":{"_acf_changed":false,"themepark_post_bcolor":"#ffffff","themepark_post_width":"100%","themepark_post_img":"","themepark_post_img_po":"left","themepark_post_img_re":false,"themepark_post_img_cover":false,"themepark_post_img_fixed":false,"themepark_post_hide_title":true,"themepark_post_main_b":"","themepark_post_main_p":100,"themepark_paddingblock":true,"footnotes":""},"class_list":["post-10142","page","type-page","status-publish","hentry"],"acf":[],"_links":{"self":[{"href":"https:\/\/www.kingpdc.com\/fr\/wp-json\/wp\/v2\/pages\/10142","targetHints":{"allow":["GET"]}}],"collection":[{"href":"https:\/\/www.kingpdc.com\/fr\/wp-json\/wp\/v2\/pages"}],"about":[{"href":"https:\/\/www.kingpdc.com\/fr\/wp-json\/wp\/v2\/types\/page"}],"author":[{"embeddable":true,"href":"https:\/\/www.kingpdc.com\/fr\/wp-json\/wp\/v2\/users\/1"}],"replies":[{"embeddable":true,"href":"https:\/\/www.kingpdc.com\/fr\/wp-json\/wp\/v2\/comments?post=10142"}],"version-history":[{"count":34,"href":"https:\/\/www.kingpdc.com\/fr\/wp-json\/wp\/v2\/pages\/10142\/revisions"}],"predecessor-version":[{"id":13872,"href":"https:\/\/www.kingpdc.com\/fr\/wp-json\/wp\/v2\/pages\/10142\/revisions\/13872"}],"wp:attachment":[{"href":"https:\/\/www.kingpdc.com\/fr\/wp-json\/wp\/v2\/media?parent=10142"}],"curies":[{"name":"wp","href":"https:\/\/api.w.org\/{rel}","templated":true}]}}