{"id":4963,"date":"2024-10-22T11:19:53","date_gmt":"2024-10-22T03:19:53","guid":{"rendered":"https:\/\/www.ceshi.xyz\/?page_id=4963"},"modified":"2025-03-28T10:17:56","modified_gmt":"2025-03-28T02:17:56","slug":"video","status":"publish","type":"page","link":"https:\/\/www.kingpdc.com\/es\/video\/","title":{"rendered":"V\u00eddeo"},"content":{"rendered":"<section class=\"wp-block-themepark-block-themepark-area block_layout thempark-block PcOnly bom50 top50\" id=\"maxw\" style=\"padding-top:181px;height:750px;box-sizing: border-box;width: 100%;\" data-swiper-parallax=\"-700\"><div class=\"block_layout_in clomnnone\" style=\"\">\n<div class=\"wp-block-column block_layout_in is-layout-flow wp-block-column-is-layout-flow\">\n<div class=\"wp-block-themepark-block-themepark-wright content-super-p\" style=\"font-size:12px;line-height:20px;padding:10px 10px;\">\n<div class=\"wp-block-column is-layout-flow wp-block-column-is-layout-flow\">\n<div style=\"height:130px\" aria-hidden=\"true\" class=\"wp-block-spacer\"><\/div>\n<\/div>\n<\/div>\n\n\n\n<h1 class=\"wp-block-heading has-text-align-center has-monte-white-color has-text-color\" style=\"font-size:38px;letter-spacing:2px;text-transform:uppercase\">v\u00eddeo<\/h1>\n\n\n\n<div style=\"height:8px\" aria-hidden=\"true\" class=\"wp-block-spacer\"><\/div>\n\n\n\n<p class=\"has-text-align-center has-monte-white-color has-text-color has-link-color wp-elements-a527e124c80bc48ab722d6c420a511a1\" style=\"font-size:17px;text-transform:uppercase\">Field Diamond Limited<\/p>\n<\/div>\n<\/div><div class=\"layout_badh\"><div class=\"shizhezhao\" style=\"opacity:0.24;background-color:#1a2c42;\"><\/div><div class=\"PcOnly themepark-block_layout_ba lazyload swiper-lazy\" style=\"background-repeat:no-repeat;background-size:cover;background-position:center bttom;\" data-background=\"https:\/\/www.kingpdc.com\/wp-content\/uploads\/2025\/01\/video-banner-pic1.jpg\"><\/div><\/div><\/section>\n\n\n\n<section class=\"wp-block-themepark-block-themepark-area block_layout thempark-block PcOnly\" id=\"\" style=\"padding-bottom:50px;padding-top:25px;\" data-swiper-parallax=\"-700\"><div class=\"block_layout_in\" style=\"\">\n<div class=\"wp-block-column block_layout_in is-layout-flow wp-block-column-is-layout-flow\">\n<div class=\"wp-block-themepark-block-themepark-wright content-super-p\" style=\"font-size:12px;line-height:41px;padding:50px 0px;\">\n<div class=\"wp-block-column is-layout-flow wp-block-column-is-layout-flow\">\n<p class=\"has-text-align-center has-themecolor-1-color has-text-color has-link-color wp-elements-c1d8f8fa051b7892171935519e68f00f\" style=\"font-size:14px;font-style:normal;font-weight:600\"><strong>-- Reproducci\u00f3n de v\u00eddeo --<\/strong><\/p>\n\n\n\n<h2 class=\"wp-block-heading has-text-align-center has-text-color has-link-color wp-elements-eac476b8c17481f0dc48ff23e4f39bf2\" style=\"color:#2c2c2c;font-size:28px;text-transform:uppercase\">V\u00eddeo de Field Diamond Limited<\/h2>\n<\/div>\n<\/div>\n\n\n\n<div class=\"wp-block-themepark-block-themepark-wright content-super-p\" style=\"font-size:12px;line-height:20px;padding:1px 25px;\">\n<div class=\"wp-block-column is-layout-flow wp-block-column-is-layout-flow\">\n<section class=\"wp-block-themepark-block-themepark-imgtext thempark-block themepark_imgtext moveupd  undefined\" style=\"\"><div class=\"themepark_imgtext_img\" style=\"width:59%;margin:0;\" data-swiper-parallax=\"-1800\"><img class=\"lazyload  swiper-lazy swiper-move-lazy\" style=\"\" data-src=\"https:\/\/www.kingpdc.com\/wp-content\/uploads\/2025\/01\/video-pic1.jpg\" alt=\"\"\/><\/div><div class=\"themepark_imgtext_text\" style=\"width:41%;margin:0;padding-left:10px;\" data-swiper-parallax=\"-1600\">\n<div class=\"wp-block-column is-layout-flow wp-block-column-is-layout-flow\">\n<div class=\"wp-block-cover\" style=\"min-height:180px;aspect-ratio:unset;\"><span aria-hidden=\"true\" class=\"wp-block-cover__background has-background-dim\" style=\"background-color:#34404c\"><\/span><img loading=\"lazy\" decoding=\"async\" width=\"572\" height=\"221\" class=\"wp-block-cover__image-background wp-image-7289\" alt=\"\" src=\"https:\/\/www.kingpdc.com\/wp-content\/uploads\/2025\/01\/video-pic2.jpg\" data-object-fit=\"cover\" srcset=\"https:\/\/www.kingpdc.com\/wp-content\/uploads\/2025\/01\/video-pic2.jpg 572w, https:\/\/www.kingpdc.com\/wp-content\/uploads\/2025\/01\/video-pic2-300x116.jpg 300w, https:\/\/www.kingpdc.com\/wp-content\/uploads\/2025\/01\/video-pic2-18x7.jpg 18w\" sizes=\"auto, (max-width: 572px) 100vw, 572px\" \/><div class=\"wp-block-cover__inner-container is-layout-flow wp-block-cover-is-layout-flow\">\n<div class=\"wp-block-themepark-block-themepark-wright content-super-p\" style=\"font-size:16px;line-height:30px;padding:10px 13px;\">\n<div class=\"wp-block-column is-layout-flow wp-block-column-is-layout-flow\">\n<h2 class=\"wp-block-heading\" style=\"font-size:15px\">Profesional - alta calidad - alta eficacia<\/h2>\n\n\n\n<div style=\"height:10px\" aria-hidden=\"true\" class=\"wp-block-spacer\"><\/div>\n\n\n\n<p style=\"font-size:30px\"><\/p>\n\n\n\n<div style=\"height:28px\" aria-hidden=\"true\" class=\"wp-block-spacer\"><\/div>\n\n\n\n<p style=\"font-size:14px\">garantiza un rendimiento fiable mediante tecnolog\u00eda punta y pr\u00e1cticas de gesti\u00f3n normalizadas.<\/p>\n<\/div>\n<\/div>\n<\/div><\/div>\n\n\n\n<div class=\"wp-block-themepark-block-themepark-wright content-super-p\" style=\"font-size:16px;line-height:26px;color:#464646;padding:10px 18px;\">\n<div class=\"wp-block-column is-layout-flow wp-block-column-is-layout-flow\">\n<p style=\"font-size:13px\">Como fabricante profesional, la empresa adopta tecnolog\u00eda avanzada para mejorar significativamente la eficacia de la perforaci\u00f3n. El v\u00eddeo presenta visualmente las ventajas del producto para ayudar a los clientes a comprender y seleccionar los accesorios de perforaci\u00f3n m\u00e1s adecuados.<\/p>\n\n\n\n<section class=\"wp-block-themepark-block-themepark-listbox thempark-block themepark_listbox shuang  moveline\" style=\"padding-top:22px;text-align:left;\"><ul class=\"themepark_listbox_list\" style=\"\"><li style=\"color:#666666;font-size:13px;line-height:23px;margin-bottom:8px;padding-left:28px;\"><i class=\"fas fa-check-circle\" style=\"color:#f69944;line-height:23px\"><\/i><span>Alta calidad de servicio<\/span><\/li><li style=\"color:#666666;font-size:13px;line-height:23px;margin-bottom:8px;padding-left:28px;\"><i class=\"fas fa-check-circle\" style=\"color:#f69944;line-height:23px\"><\/i><span>R\u00e1pida respuesta del mercado<\/span><\/li><li style=\"color:#666666;font-size:13px;line-height:23px;margin-bottom:8px;padding-left:28px;\"><i class=\"fas fa-check-circle\" style=\"color:#f69944;line-height:23px\"><\/i><span>Capacidad de expansi\u00f3n del mercado<\/span><\/li><li style=\"color:#666666;font-size:13px;line-height:23px;margin-bottom:8px;padding-left:28px;\"><i class=\"fas fa-check-circle\" style=\"color:#f69944;line-height:23px\"><\/i><span>Fuerte presencia en el mercado<\/span><\/li><\/ul><div class=\"themepark_listbox_ba\" style=\"opacity:1;\"><\/div><\/section>\n<\/div>\n<\/div>\n<\/div>\n<\/div><div class=\"themepark_imgtext_ba\" style=\"opacity:1;\"><\/div><\/section>\n\n\n\n<div class=\"wp-block-columns is-layout-flex wp-container-core-columns-is-layout-9d6595d7 wp-block-columns-is-layout-flex\">\n<div class=\"wp-block-column is-layout-flow wp-block-column-is-layout-flow\">\n<section class=\"wp-block-themepark-block-themepark-video thempark-block themepark_icon_list_out undefined\" id=\"nomo\" style=\"padding-bottom:20px;padding-top:35px;\"><div id=\"videolist\" class=\"themepark_icon_list_in fullicon\" style=\"\"><div class=\"themepark_icon_lists iconl4 iconls2\" style=\"text-align: ;\"><div class=\"themepark_icon_box\"><div class=\"themepark_icon_box_i\"><div class=\"themepark_icon_box_i_out\" style=\"border-radius:6px;\"><img decoding=\"async\" src=\"https:\/\/www.kingpdc.com\/wp-content\/uploads\/2025\/01\/video2-pic6.jpg\" alt=\"Field Diamond Limited\" style=\"\"\/><\/div><b style=\"font-size:16px;\">Field Diamond Limited<\/b><\/div><div class=\"videotada\" data-title=\"Field Diamond Limited\" data-t2=\"\"><p><\/p><noscrpit><\/noscrpit><\/div><\/div><div class=\"themepark_icon_box\"><div class=\"themepark_icon_box_i\"><div class=\"themepark_icon_box_i_out\" style=\"border-radius:6px;\"><img decoding=\"async\" src=\"https:\/\/www.kingpdc.com\/wp-content\/uploads\/2025\/01\/video2-pic5.jpg\" alt=\"Problema com\u00fan\" style=\"\"\/><\/div><b style=\"font-size:16px;\">Problema com\u00fan<\/b><\/div><div class=\"videotada\" data-title=\"Common Problem\" data-t2=\"\"><p><\/p><noscrpit><\/noscrpit><\/div><\/div><div class=\"themepark_icon_box\"><div class=\"themepark_icon_box_i\"><div class=\"themepark_icon_box_i_out\" style=\"border-radius:6px;\"><img decoding=\"async\" src=\"https:\/\/www.kingpdc.com\/wp-content\/uploads\/2025\/01\/video2-pic4.jpg\" alt=\"Categor\u00eda relacionada\" style=\"\"\/><\/div><b style=\"font-size:16px;\">Categor\u00eda relacionada<\/b><\/div><div class=\"videotada\" data-title=\"Related Category\" data-t2=\"\"><p><\/p><noscrpit><\/noscrpit><\/div><\/div><div class=\"themepark_icon_box\"><div class=\"themepark_icon_box_i\"><div class=\"themepark_icon_box_i_out\" style=\"border-radius:6px;\"><img decoding=\"async\" src=\"https:\/\/www.kingpdc.com\/wp-content\/uploads\/2025\/01\/video2-pic3.jpg\" alt=\"Instrucciones de uso\" style=\"\"\/><\/div><b style=\"font-size:16px;\">Instrucciones de uso<\/b><\/div><div class=\"videotada\" data-title=\"Operation Instruction\" data-t2=\"\"><p><\/p><noscrpit><\/noscrpit><\/div><\/div><\/div><\/div><\/section>\n<\/div>\n<\/div>\n<\/div>\n<\/div>\n<\/div>\n<\/div><div class=\"layout_badh\"><\/div><\/section>\n\n\n\n<section class=\"wp-block-themepark-block-themepark-area block_layout thempark-block MovePnly\" id=\"maxw\" style=\"background-color:#8e8e8e;padding-bottom:170px;padding-top:95px;height:600px;box-sizing: border-box;width: 100%;\" data-swiper-parallax=\"-700\"><div class=\"block_layout_in\" style=\"\">\n<div class=\"wp-block-column is-layout-flow wp-block-column-is-layout-flow\" style=\"flex-basis:100%\">\n<div class=\"wp-block-themepark-block-themepark-wright content-super-p\" style=\"font-size:12px;line-height:40px;padding:10px 29px;\">\n<div class=\"wp-block-column is-layout-flow wp-block-column-is-layout-flow\">\n<div class=\"wp-block-themepark-block-themepark-wright content-super-p\" style=\"font-size:12px;line-height:20px;padding:10px 10px;\">\n<div class=\"wp-block-column is-layout-flow wp-block-column-is-layout-flow\">\n<div style=\"height:80px\" aria-hidden=\"true\" class=\"wp-block-spacer\"><\/div>\n<\/div>\n<\/div>\n\n\n\n<div class=\"wp-block-themepark-block-themepark-wright content-super-p\" style=\"font-size:12px;line-height:29px;padding:10px 0px;\">\n<div class=\"wp-block-column is-layout-flow wp-block-column-is-layout-flow\">\n<h1 class=\"wp-block-heading has-text-align-center has-monte-white-color has-text-color has-link-color wp-elements-4074f701cf334450ae5cc1e7929e5662\" style=\"font-size:20px;letter-spacing:1px;text-transform:uppercase\">v\u00eddeo<\/h1>\n<\/div>\n<\/div>\n\n\n\n<div class=\"wp-block-themepark-block-themepark-wright content-super-p\" style=\"font-size:14px;line-height:19px;padding:1px 0px 16px 0px;\">\n<div class=\"wp-block-column is-layout-flow wp-block-column-is-layout-flow\">\n<p class=\"has-text-align-center has-monte-white-color has-text-color has-link-color wp-elements-95282480cbaf287651d3179911c6919f\" style=\"font-size:13px\">Field Diamond Limited<\/p>\n\n\n\n<div style=\"height:55px\" aria-hidden=\"true\" class=\"wp-block-spacer\"><\/div>\n<\/div>\n<\/div>\n<\/div>\n<\/div>\n<\/div>\n<\/div><div class=\"layout_badh\"><div class=\"shizhezhao\" style=\"opacity:0.3;background-color:#112839;\"><\/div><div class=\"MovePnly themepark-block_layout_ba lazyload swiper-move-lazy\" style=\"background-repeat:no-repeat;background-size:cover;background-position:center;\" data-background=\"https:\/\/www.kingpdc.com\/wp-content\/uploads\/2025\/01\/video-banner-m-pic1.jpg\"><\/div><\/div><\/section>\n\n\n\n<section class=\"wp-block-themepark-block-themepark-area block_layout thempark-block MovePnly\" id=\"\" style=\"padding-bottom:19px;padding-top:20px;\" data-swiper-parallax=\"-700\"><div class=\"block_layout_in\" style=\"\">\n<div class=\"wp-block-column block_layout_in is-layout-flow wp-block-column-is-layout-flow\">\n<div class=\"wp-block-themepark-block-themepark-wright content-super-p\" style=\"font-size:12px;line-height:38px;padding:40px 0px;\">\n<div class=\"wp-block-column is-layout-flow wp-block-column-is-layout-flow\">\n<p class=\"has-text-align-center has-themecolor-1-color has-text-color has-link-color wp-elements-b39751f4c441cc6af3f966ed24f3778b\" style=\"font-size:13px\"><strong>--<\/strong>  <strong><strong><strong>Reproducci\u00f3n de v\u00eddeo<\/strong><\/strong>  --<\/strong><\/p>\n\n\n\n<h2 class=\"wp-block-heading has-text-align-center has-text-color has-link-color wp-elements-325e1d26d291884244395f6ce786cdf8\" style=\"color:#1f1f1f;font-size:18px;text-transform:uppercase\">V\u00eddeo de Field Diamond Limited<\/h2>\n<\/div>\n<\/div>\n\n\n\n<section class=\"wp-block-themepark-block-themepark-imgtext thempark-block themepark_imgtext moveupd  undefined\" style=\"\"><div class=\"themepark_imgtext_img\" style=\"width:59%;margin:0;\" data-swiper-parallax=\"-1800\"><img class=\"lazyload  swiper-lazy swiper-move-lazy\" style=\"\" data-src=\"https:\/\/www.kingpdc.com\/wp-content\/uploads\/2025\/01\/video-m-pic1.jpg\" alt=\"\"\/><\/div><div class=\"themepark_imgtext_text\" style=\"width:41%;margin:0;padding-left:10px;\" data-swiper-parallax=\"-1600\">\n<div class=\"wp-block-column is-layout-flow wp-block-column-is-layout-flow\">\n<div style=\"height:10px\" aria-hidden=\"true\" class=\"wp-block-spacer\"><\/div>\n\n\n\n<div class=\"wp-block-themepark-block-themepark-wright content-super-p\" style=\"font-size:16px;line-height:24px;color:#464646;padding:25px 0px;\">\n<div class=\"wp-block-column is-layout-flow wp-block-column-is-layout-flow\">\n<p style=\"font-size:13px\">Como fabricante profesional, la empresa adopta tecnolog\u00eda avanzada para mejorar significativamente la eficacia de la perforaci\u00f3n. El v\u00eddeo presenta visualmente las ventajas del producto para ayudar a los clientes a comprender y seleccionar los accesorios de perforaci\u00f3n m\u00e1s adecuados.<\/p>\n\n\n\n<section class=\"wp-block-themepark-block-themepark-listbox thempark-block themepark_listbox shuang  moveline\" style=\"padding-top:12px;text-align:left;\"><ul class=\"themepark_listbox_list\" style=\"\"><li style=\"color:#666666;font-size:13px;line-height:23px;margin-bottom:6px;padding-left:28px;\"><i class=\"fas fa-check-circle\" style=\"color:#f69944;line-height:23px\"><\/i><span>Alta calidad de servicio<\/span><\/li><li style=\"color:#666666;font-size:13px;line-height:23px;margin-bottom:6px;padding-left:28px;\"><i class=\"fas fa-check-circle\" style=\"color:#f69944;line-height:23px\"><\/i><span>R\u00e1pida respuesta del mercado<\/span><\/li><li style=\"color:#666666;font-size:13px;line-height:23px;margin-bottom:6px;padding-left:28px;\"><i class=\"fas fa-check-circle\" style=\"color:#f69944;line-height:23px\"><\/i><span>Capacidad de expansi\u00f3n del mercado<\/span><\/li><li style=\"color:#666666;font-size:13px;line-height:23px;margin-bottom:6px;padding-left:28px;\"><i class=\"fas fa-check-circle\" style=\"color:#f69944;line-height:23px\"><\/i><span>Fuerte presencia en el mercado<\/span><\/li><\/ul><div class=\"themepark_listbox_ba\" style=\"opacity:1;\"><\/div><\/section>\n<\/div>\n<\/div>\n<\/div>\n<\/div><div class=\"themepark_imgtext_ba\" style=\"opacity:1;\"><\/div><\/section>\n\n\n\n<div class=\"wp-block-columns is-layout-flex wp-container-core-columns-is-layout-9d6595d7 wp-block-columns-is-layout-flex\">\n<div class=\"wp-block-column is-layout-flow wp-block-column-is-layout-flow\">\n<section class=\"wp-block-themepark-block-themepark-video thempark-block themepark_icon_list_out undefined\" id=\"nomo\" style=\"\"><div id=\"videolist\" class=\"themepark_icon_list_in fullicon\" style=\"\"><div class=\"themepark_icon_lists iconl4 iconls2\" style=\"text-align: ;\"><div class=\"themepark_icon_box\"><div class=\"themepark_icon_box_i\"><div class=\"themepark_icon_box_i_out\" style=\"border-radius:6px;\"><img decoding=\"async\" src=\"https:\/\/www.kingpdc.com\/wp-content\/uploads\/2025\/01\/video-m-pic6.jpg\" alt=\"Field Diamond Limited\" style=\"\"\/><\/div><b style=\"font-size:13px;\">Field Diamond Limited<\/b><\/div><div class=\"videotada\" data-title=\"Field Diamond Limited\" data-t2=\"\"><p><\/p><noscrpit><\/noscrpit><\/div><\/div><div class=\"themepark_icon_box\"><div class=\"themepark_icon_box_i\"><div class=\"themepark_icon_box_i_out\" style=\"border-radius:6px;\"><img decoding=\"async\" src=\"https:\/\/www.kingpdc.com\/wp-content\/uploads\/2025\/01\/video-m-pic5.jpg\" alt=\"Problema com\u00fan\" style=\"\"\/><\/div><b style=\"font-size:13px;\">Problema com\u00fan<\/b><\/div><div class=\"videotada\" data-title=\"Common Problem\" data-t2=\"\"><p><\/p><noscrpit><\/noscrpit><\/div><\/div><div class=\"themepark_icon_box\"><div class=\"themepark_icon_box_i\"><div class=\"themepark_icon_box_i_out\" style=\"border-radius:6px;\"><img decoding=\"async\" src=\"https:\/\/www.kingpdc.com\/wp-content\/uploads\/2025\/01\/video-m-pic4.jpg\" alt=\"Categor\u00eda relacionada\" style=\"\"\/><\/div><b style=\"font-size:13px;\">Categor\u00eda relacionada<\/b><\/div><div class=\"videotada\" data-title=\"Related Category\" data-t2=\"\"><p><\/p><noscrpit><\/noscrpit><\/div><\/div><div class=\"themepark_icon_box\"><div class=\"themepark_icon_box_i\"><div class=\"themepark_icon_box_i_out\" style=\"border-radius:6px;\"><img decoding=\"async\" src=\"https:\/\/www.kingpdc.com\/wp-content\/uploads\/2025\/01\/video-m-pic3.jpg\" alt=\"Instrucciones de uso\" style=\"\"\/><\/div><b style=\"font-size:13px;\">Instrucciones de uso<\/b><\/div><div class=\"videotada\" data-title=\"Operation Instruction\" data-t2=\"\"><p><\/p><noscrpit><\/noscrpit><\/div><\/div><\/div><\/div><\/section>\n<\/div>\n<\/div>\n<\/div>\n<\/div><div class=\"layout_badh\"><\/div><\/section>","protected":false},"excerpt":{"rendered":"","protected":false},"author":1,"featured_media":0,"parent":0,"menu_order":0,"comment_status":"closed","ping_status":"closed","template":"","meta":{"_acf_changed":false,"themepark_post_bcolor":"#ffffff","themepark_post_width":"100% dong","themepark_post_img":"","themepark_post_img_po":"left","themepark_post_img_re":false,"themepark_post_img_cover":false,"themepark_post_img_fixed":false,"themepark_post_hide_title":true,"themepark_post_main_b":"","themepark_post_main_p":100,"themepark_paddingblock":true,"footnotes":""},"class_list":["post-4963","page","type-page","status-publish","hentry"],"acf":[],"_links":{"self":[{"href":"https:\/\/www.kingpdc.com\/es\/wp-json\/wp\/v2\/pages\/4963","targetHints":{"allow":["GET"]}}],"collection":[{"href":"https:\/\/www.kingpdc.com\/es\/wp-json\/wp\/v2\/pages"}],"about":[{"href":"https:\/\/www.kingpdc.com\/es\/wp-json\/wp\/v2\/types\/page"}],"author":[{"embeddable":true,"href":"https:\/\/www.kingpdc.com\/es\/wp-json\/wp\/v2\/users\/1"}],"replies":[{"embeddable":true,"href":"https:\/\/www.kingpdc.com\/es\/wp-json\/wp\/v2\/comments?post=4963"}],"version-history":[{"count":71,"href":"https:\/\/www.kingpdc.com\/es\/wp-json\/wp\/v2\/pages\/4963\/revisions"}],"predecessor-version":[{"id":10320,"href":"https:\/\/www.kingpdc.com\/es\/wp-json\/wp\/v2\/pages\/4963\/revisions\/10320"}],"wp:attachment":[{"href":"https:\/\/www.kingpdc.com\/es\/wp-json\/wp\/v2\/media?parent=4963"}],"curies":[{"name":"wp","href":"https:\/\/api.w.org\/{rel}","templated":true}]}}